{"id":54,"date":"2024-10-15T20:11:38","date_gmt":"2024-10-15T18:11:38","guid":{"rendered":"https:\/\/francishubin.com\/?page_id=54"},"modified":"2025-09-30T21:24:16","modified_gmt":"2025-09-30T19:24:16","slug":"mon-parcours","status":"publish","type":"page","link":"https:\/\/francishubin.com\/index.php\/mon-parcours\/","title":{"rendered":"Mon parcours"},"content":{"rendered":"\n<figure class=\"wp-block-image size-large\"><img loading=\"lazy\" decoding=\"async\" width=\"853\" height=\"1024\" src=\"https:\/\/francishubin.com\/wp-content\/uploads\/2025\/08\/21396b88-8fb6-4590-b7d0-2ad8744a48a1-853x1024.jpg\" alt=\"\" class=\"wp-image-473\" srcset=\"https:\/\/francishubin.com\/wp-content\/uploads\/2025\/08\/21396b88-8fb6-4590-b7d0-2ad8744a48a1-853x1024.jpg 853w, https:\/\/francishubin.com\/wp-content\/uploads\/2025\/08\/21396b88-8fb6-4590-b7d0-2ad8744a48a1-250x300.jpg 250w, https:\/\/francishubin.com\/wp-content\/uploads\/2025\/08\/21396b88-8fb6-4590-b7d0-2ad8744a48a1-768x922.jpg 768w, https:\/\/francishubin.com\/wp-content\/uploads\/2025\/08\/21396b88-8fb6-4590-b7d0-2ad8744a48a1.jpg 1152w\" sizes=\"auto, (max-width: 853px) 100vw, 853px\" \/><\/figure>\n\n\n\n<p>Depuis tout petit, je dessine. En secondaire, j\u2019ai fait des centaines de caricatures de condisciples et de professeurs, que je distribuais \u00e0 qui voulait. Du coup je n\u2019en ai presque plus. En voici une de 1972&nbsp;:<\/p>\n\n\n\n<figure class=\"wp-block-image size-full is-resized\"><img loading=\"lazy\" decoding=\"async\" width=\"440\" height=\"286\" src=\"https:\/\/francishubin.com\/wp-content\/uploads\/2025\/08\/caric1972.png\" alt=\"\" class=\"wp-image-350\" style=\"width:552px;height:auto\" srcset=\"https:\/\/francishubin.com\/wp-content\/uploads\/2025\/08\/caric1972.png 440w, https:\/\/francishubin.com\/wp-content\/uploads\/2025\/08\/caric1972-300x195.png 300w\" sizes=\"auto, (max-width: 440px) 100vw, 440px\" \/><\/figure>\n\n\n\n<p>Apr\u00e8s des \u00e9tudes d\u2019architecture \u00e9court\u00e9es ( je suis nul en maths ) je me suis orient\u00e9 vers les m\u00e9tiers manuels professionnels. Entretemps, j\u2019ai collabor\u00e9 dans la BD principalement pour J.-F.Charles, en lettrant pour lui 11 albums, avec une sp\u00e9cialisation en perspectives complexes et d\u00e9cors techniques comme des escaliers, des voiliers, etc. J\u2019ai sc\u00e9naris\u00e9 en \u00ab&nbsp;n\u00e8gre&nbsp;\u00bb l\u2019album \u00ab&nbsp;Le Grand D\u00e9rangement&nbsp;\u00bb,\u00e9ditions M. Deligne.<\/p>\n\n\n\n<p>J\u2019ai fait une carri\u00e8re dans l\u2019enseignement de trois m\u00e9tiers du b\u00e2timent.<\/p>\n\n\n\n<p>Donc pour la sculpture, je peux sans probl\u00e8me travailler les m\u00e9taux ( acier, cuivre, bronze, zinc, alu, inox, plomb,&nbsp;\u2026), les argiles, le bois, le polyester, la p\u00e2te \u00e0 papier,&nbsp;etc.<\/p>\n\n\n\n<div class=\"wp-block-cover alignfull is-light\" style=\"margin-top:0;margin-bottom:0;padding-top:60px;padding-bottom:60px\"><span aria-hidden=\"true\" class=\"wp-block-cover__background has-background-dim-100 has-background-dim\" style=\"background-color:#f9f7f0\"><\/span><div class=\"wp-block-cover__inner-container is-layout-constrained wp-container-core-cover-is-layout-dcd54b11 wp-block-cover-is-layout-constrained\">\n<div class=\"wp-block-columns is-layout-flex wp-container-core-columns-is-layout-9d6d630b wp-block-columns-is-layout-flex\">\n<div class=\"wp-block-column is-vertically-aligned-center is-layout-flow wp-block-column-is-layout-flow\">\n<div class=\"wp-block-group is-vertical is-layout-flex wp-container-core-group-is-layout-8cf370e7 wp-block-group-is-layout-flex\" style=\"border-radius:0px\">\n<h3 class=\"wp-block-heading has-text-color\" id=\"Rfze0kDDPpjeagy7\" style=\"color:#6cd8af;font-size:32px;font-style:normal;font-weight:700;line-height:1;text-transform:uppercase\">Expo 2024 Start Gallery, rue d&rsquo;Havr\u00e9 \u00e0 Mons <\/h3>\n\n\n\n<p class=\"has-text-color\" style=\"color:#12418d;font-size:19px\">Des sculptures ont \u00e9t\u00e9 expos\u00e9es pendant un mois  dont le T-rex en zinc.  Plusieurs photos se trouvent sur la page \u00ab\u00a0sculptures\u00a0\u00bb<\/p>\n\n\n\n<figure class=\"wp-block-image size-full\"><img loading=\"lazy\" decoding=\"async\" width=\"506\" height=\"578\" src=\"https:\/\/francishubin.com\/wp-content\/uploads\/2025\/08\/3-1.jpg\" alt=\"\" class=\"wp-image-352\" srcset=\"https:\/\/francishubin.com\/wp-content\/uploads\/2025\/08\/3-1.jpg 506w, https:\/\/francishubin.com\/wp-content\/uploads\/2025\/08\/3-1-263x300.jpg 263w\" sizes=\"auto, (max-width: 506px) 100vw, 506px\" \/><\/figure>\n<\/div>\n<\/div>\n\n\n\n<div class=\"wp-block-column is-layout-flow wp-block-column-is-layout-flow\" style=\"flex-basis:480px\">\n<div class=\"wp-block-cover is-light has-custom-content-position is-position-bottom-center\" style=\"border-radius:40px;padding-top:0px;padding-right:0px;padding-bottom:60px;padding-left:0px;min-height:660px;aspect-ratio:unset;\"><img loading=\"lazy\" decoding=\"async\" width=\"454\" height=\"606\" class=\"wp-block-cover__image-background wp-image-346 size-full\" alt=\"\" src=\"https:\/\/francishubin.com\/wp-content\/uploads\/2025\/08\/1.jpg\" data-object-fit=\"cover\" srcset=\"https:\/\/francishubin.com\/wp-content\/uploads\/2025\/08\/1.jpg 454w, https:\/\/francishubin.com\/wp-content\/uploads\/2025\/08\/1-225x300.jpg 225w\" sizes=\"auto, (max-width: 454px) 100vw, 454px\" \/><span aria-hidden=\"true\" class=\"wp-block-cover__background has-background-dim-0 has-background-dim\" style=\"background-color:#978e86\"><\/span><div class=\"wp-block-cover__inner-container is-layout-constrained wp-container-core-cover-is-layout-63203c71 wp-block-cover-is-layout-constrained\">\n<div class=\"wp-block-group\"><div class=\"wp-block-group__inner-container is-layout-constrained wp-container-core-group-is-layout-d124f2cb wp-block-group-is-layout-constrained\">\n<h2 class=\"wp-block-heading has-text-align-center has-text-color\" style=\"color:#fefefe;margin-top:0px;margin-right:0px;margin-bottom:0px;margin-left:0px;font-size:56px;font-style:normal;font-weight:700;line-height:1\">Expo fin 2024<\/h2>\n<\/div><\/div>\n<\/div><\/div>\n<\/div>\n<\/div>\n<\/div><\/div>\n\n\n\n<div class=\"wp-block-cover alignfull is-light\" style=\"margin-top:0;margin-bottom:0;padding-top:60px;padding-bottom:60px;min-height:765px;aspect-ratio:unset;\"><span aria-hidden=\"true\" class=\"wp-block-cover__background has-background-dim-100 has-background-dim\" style=\"background-color:#f9f7f0\"><\/span><div class=\"wp-block-cover__inner-container is-layout-constrained wp-container-core-cover-is-layout-dcd54b11 wp-block-cover-is-layout-constrained\">\n<div class=\"wp-block-columns is-layout-flex wp-container-core-columns-is-layout-9d6d630b wp-block-columns-is-layout-flex\">\n<div class=\"wp-block-column is-layout-flow wp-block-column-is-layout-flow\" style=\"flex-basis:480px\">\n<div class=\"wp-block-cover is-light has-custom-content-position is-position-bottom-center\" style=\"border-radius:40px;padding-top:0px;padding-right:0px;padding-bottom:60px;padding-left:0px;min-height:660px;aspect-ratio:unset;\"><img loading=\"lazy\" decoding=\"async\" width=\"450\" height=\"600\" class=\"wp-block-cover__image-background wp-image-107\" alt=\"\" src=\"https:\/\/francishubin.com\/wp-content\/uploads\/2024\/10\/bon-vouloir-2024-3.jpg\" data-object-fit=\"cover\" srcset=\"https:\/\/francishubin.com\/wp-content\/uploads\/2024\/10\/bon-vouloir-2024-3.jpg 450w, https:\/\/francishubin.com\/wp-content\/uploads\/2024\/10\/bon-vouloir-2024-3-225x300.jpg 225w\" sizes=\"auto, (max-width: 450px) 100vw, 450px\" \/><span aria-hidden=\"true\" class=\"wp-block-cover__background has-background-dim-0 has-background-dim\" style=\"background-color:#978e86\"><\/span><div class=\"wp-block-cover__inner-container is-layout-constrained wp-container-core-cover-is-layout-63203c71 wp-block-cover-is-layout-constrained\">\n<div class=\"wp-block-group\"><div class=\"wp-block-group__inner-container is-layout-constrained wp-container-core-group-is-layout-d124f2cb wp-block-group-is-layout-constrained\">\n<h2 class=\"wp-block-heading has-text-align-center has-text-color\" style=\"color:#fefefe;margin-top:0px;margin-right:0px;margin-bottom:0px;margin-left:0px;font-size:56px;font-style:normal;font-weight:700;line-height:1\">Bon Vouloir 2024<\/h2>\n<\/div><\/div>\n<\/div><\/div>\n<\/div>\n\n\n\n<div class=\"wp-block-column is-vertically-aligned-center is-layout-flow wp-block-column-is-layout-flow\">\n<div class=\"wp-block-group is-vertical is-layout-flex wp-container-core-group-is-layout-8cf370e7 wp-block-group-is-layout-flex\" style=\"border-radius:0px\">\n<h3 class=\"wp-block-heading has-text-color\" id=\"Rfze0kDDPpjeagy7\" style=\"color:#6cd8af;font-size:32px;font-style:normal;font-weight:700;line-height:1;text-transform:uppercase\">Expo 2024  Bon vouloir<\/h3>\n\n\n\n<p class=\"has-text-color\" style=\"color:#12418d;font-size:19px\">Deux oeuvres ont \u00e9t\u00e9 retenues par le Jury du 119\u00e8me salon du Bon Vouloir de Mons, une peinture \u00ab\u00a0Les vieux saules\u00a0\u00bb ainsi que le buste de Vincent Van Gogh en marbre reconstitu\u00e9<\/p>\n<\/div>\n\n\n\n<div class=\"wp-block-group is-vertical is-layout-flex wp-container-core-group-is-layout-6be97f15 wp-block-group-is-layout-flex\" style=\"border-radius:0px;margin-top:60px\">\n<h3 class=\"wp-block-heading has-text-color\" id=\"Rfze0kDDPpjeagy7\" style=\"color:#6cd8af;font-size:32px;font-style:normal;font-weight:700;line-height:1;text-transform:uppercase\">Les vieux saules<\/h3>\n\n\n\n<p class=\"has-text-color\" style=\"color:#12418d;font-size:19px\">Peinture \u00e0  l&rsquo;huile repr\u00e9sentant un groupe de vieux saules dans le village de Harmignies (Mons Belgique) <\/p>\n<\/div>\n\n\n\n<div class=\"wp-block-group is-vertical is-layout-flex wp-container-core-group-is-layout-6be97f15 wp-block-group-is-layout-flex\" style=\"border-radius:0px;margin-top:60px\">\n<h3 class=\"wp-block-heading has-text-color\" id=\"Rfze0kDDPpjeagy7\" style=\"color:#6cd8af;font-size:32px;font-style:normal;font-weight:700;line-height:1;text-transform:uppercase\">Buste de VAn gogh<\/h3>\n\n\n\n<p class=\"has-text-color\" style=\"color:#12418d;font-size:19px\">Marbre reconstitu\u00e9. J&rsquo;ai d&rsquo;abord sculpt\u00e9 de l&rsquo;argile. Ensuite j&rsquo;en ai tir\u00e9 un moule et j&rsquo;en ai tir\u00e9 un exemplaire en r\u00e9sine de marbre<\/p>\n<\/div>\n<\/div>\n<\/div>\n<\/div><\/div>\n\n\n\n<div class=\"wp-block-cover alignfull is-light\" style=\"margin-top:0;margin-bottom:0;padding-top:60px;padding-bottom:60px\"><span aria-hidden=\"true\" class=\"wp-block-cover__background has-background-dim-100 has-background-dim\" style=\"background-color:#f9f7f0\"><\/span><div class=\"wp-block-cover__inner-container is-layout-constrained wp-container-core-cover-is-layout-dcd54b11 wp-block-cover-is-layout-constrained\">\n<div class=\"wp-block-columns is-layout-flex wp-container-core-columns-is-layout-9d6d630b wp-block-columns-is-layout-flex\">\n<div class=\"wp-block-column is-vertically-aligned-center is-layout-flow wp-block-column-is-layout-flow\">\n<div class=\"wp-block-group is-vertical is-layout-flex wp-container-core-group-is-layout-8cf370e7 wp-block-group-is-layout-flex\" style=\"border-radius:0px\">\n<h3 class=\"wp-block-heading has-text-color\" id=\"Rfze0kDDPpjeagy7\" style=\"color:#6cd8af;font-size:32px;font-style:normal;font-weight:700;line-height:1;text-transform:uppercase\">Expo 2023 Bon Vouloir <\/h3>\n\n\n\n<p class=\"has-text-color\" style=\"color:#12418d;font-size:19px\">Lors de l&rsquo;expo 2023, c&rsquo;est un ensemble de caricatures l\u00e9g\u00e8res qui ont \u00e9t\u00e9 retenues par le Jury du 118\u00e8me salon du Bon Vouloir de Mons, mont\u00e9es sur cadre. Ces caricatures se trouvent sur la page \u00ab\u00a0dessins\u00a0\u00bb<\/p>\n<\/div>\n<\/div>\n\n\n\n<div class=\"wp-block-column is-layout-flow wp-block-column-is-layout-flow\" style=\"flex-basis:480px\">\n<div class=\"wp-block-cover has-custom-content-position is-position-bottom-center\" style=\"border-radius:40px;padding-top:0px;padding-right:0px;padding-bottom:60px;padding-left:0px;min-height:660px;aspect-ratio:unset;\"><img loading=\"lazy\" decoding=\"async\" width=\"1440\" height=\"2560\" class=\"wp-block-cover__image-background wp-image-109 size-full\" alt=\"\" src=\"http:\/\/francishubin.com\/wp-content\/uploads\/2024\/10\/DSC_1278-scaled.jpg\" data-object-fit=\"cover\" srcset=\"https:\/\/francishubin.com\/wp-content\/uploads\/2024\/10\/DSC_1278-scaled.jpg 1440w, https:\/\/francishubin.com\/wp-content\/uploads\/2024\/10\/DSC_1278-169x300.jpg 169w, https:\/\/francishubin.com\/wp-content\/uploads\/2024\/10\/DSC_1278-576x1024.jpg 576w, https:\/\/francishubin.com\/wp-content\/uploads\/2024\/10\/DSC_1278-768x1365.jpg 768w, https:\/\/francishubin.com\/wp-content\/uploads\/2024\/10\/DSC_1278-864x1536.jpg 864w, https:\/\/francishubin.com\/wp-content\/uploads\/2024\/10\/DSC_1278-1152x2048.jpg 1152w\" sizes=\"auto, (max-width: 1440px) 100vw, 1440px\" \/><span aria-hidden=\"true\" class=\"wp-block-cover__background has-background-dim-0 has-background-dim\" style=\"background-color:#978e86\"><\/span><div class=\"wp-block-cover__inner-container is-layout-constrained wp-container-core-cover-is-layout-63203c71 wp-block-cover-is-layout-constrained\">\n<p class=\"has-text-align-center has-large-font-size\">Caricatures,  s\u00e9lection Bon Vouloir 2023<\/p>\n<\/div><\/div>\n<\/div>\n<\/div>\n<\/div><\/div>\n\n\n\n<div class=\"wp-block-cover alignfull is-light\" style=\"margin-top:0;margin-bottom:0;padding-top:60px;padding-bottom:60px;min-height:765px;aspect-ratio:unset;\"><span aria-hidden=\"true\" class=\"wp-block-cover__background has-background-dim-100 has-background-dim\" style=\"background-color:#f9f7f0\"><\/span><div class=\"wp-block-cover__inner-container is-layout-constrained wp-container-core-cover-is-layout-dcd54b11 wp-block-cover-is-layout-constrained\">\n<div class=\"wp-block-columns is-layout-flex wp-container-core-columns-is-layout-9d6d630b wp-block-columns-is-layout-flex\">\n<div class=\"wp-block-column is-layout-flow wp-block-column-is-layout-flow\" style=\"flex-basis:480px\">\n<div class=\"wp-block-cover has-custom-content-position is-position-bottom-center\" style=\"border-radius:40px;padding-top:0px;padding-right:0px;padding-bottom:60px;padding-left:0px;min-height:636px;aspect-ratio:unset;\"><img loading=\"lazy\" decoding=\"async\" width=\"576\" height=\"1024\" class=\"wp-block-cover__image-background wp-image-110 size-large\" alt=\"\" src=\"http:\/\/francishubin.com\/wp-content\/uploads\/2024\/10\/DSC_1106-576x1024.jpg\" data-object-fit=\"cover\" srcset=\"https:\/\/francishubin.com\/wp-content\/uploads\/2024\/10\/DSC_1106-576x1024.jpg 576w, https:\/\/francishubin.com\/wp-content\/uploads\/2024\/10\/DSC_1106-169x300.jpg 169w, https:\/\/francishubin.com\/wp-content\/uploads\/2024\/10\/DSC_1106-768x1365.jpg 768w, https:\/\/francishubin.com\/wp-content\/uploads\/2024\/10\/DSC_1106-864x1536.jpg 864w, https:\/\/francishubin.com\/wp-content\/uploads\/2024\/10\/DSC_1106-1152x2048.jpg 1152w, https:\/\/francishubin.com\/wp-content\/uploads\/2024\/10\/DSC_1106-scaled.jpg 1440w\" sizes=\"auto, (max-width: 576px) 100vw, 576px\" \/><span aria-hidden=\"true\" class=\"wp-block-cover__background has-background-dim-0 has-background-dim\" style=\"background-color:#978e86\"><\/span><div class=\"wp-block-cover__inner-container is-layout-constrained wp-container-core-cover-is-layout-63203c71 wp-block-cover-is-layout-constrained\">\n<div class=\"wp-block-group\"><div class=\"wp-block-group__inner-container is-layout-constrained wp-container-core-group-is-layout-d124f2cb wp-block-group-is-layout-constrained\">\n<h2 class=\"wp-block-heading has-text-align-center has-text-color\" style=\"color:#fefefe;margin-top:0px;margin-right:0px;margin-bottom:0px;margin-left:0px;font-size:56px;font-style:normal;font-weight:700;line-height:1\">Bon Vouloir 2022<\/h2>\n<\/div><\/div>\n<\/div><\/div>\n<\/div>\n\n\n\n<div class=\"wp-block-column is-vertically-aligned-center is-layout-flow wp-block-column-is-layout-flow\">\n<div class=\"wp-block-group is-vertical is-layout-flex wp-container-core-group-is-layout-8cf370e7 wp-block-group-is-layout-flex\" style=\"border-radius:0px\">\n<h3 class=\"wp-block-heading has-text-color\" id=\"Rfze0kDDPpjeagy7\" style=\"color:#6cd8af;font-size:32px;font-style:normal;font-weight:700;line-height:1;text-transform:uppercase\">Expo 2022 Bon vouloir<\/h3>\n\n\n\n<p class=\"has-text-color\" style=\"color:#12418d;font-size:19px\">Lors de ma toute premi\u00e8re participation, j&rsquo;ai eu la joie de voir que le Jury du 117\u00e8me salon du Bon Vouloir avait s\u00e9lectionn\u00e9 ma sculpture \u00ab\u00a0les nouvelles assu\u00e9tudes\u00a0\u00bb, qui est une sculpture en colle PU.<\/p>\n<\/div>\n\n\n\n<div class=\"wp-block-group is-vertical is-layout-flex wp-container-core-group-is-layout-6be97f15 wp-block-group-is-layout-flex\" style=\"border-radius:0px;margin-top:60px\">\n<h3 class=\"wp-block-heading has-text-color\" id=\"Rfze0kDDPpjeagy7\" style=\"color:#6cd8af;font-size:32px;font-style:normal;font-weight:700;line-height:1;text-transform:uppercase\">Les NOUVELLES ASSUETUDES<\/h3>\n\n\n\n<figure class=\"wp-block-image size-large\"><img loading=\"lazy\" decoding=\"async\" width=\"1024\" height=\"768\" src=\"http:\/\/francishubin.com\/wp-content\/uploads\/2024\/10\/IMG_0532-1024x768.jpg\" alt=\"\" class=\"wp-image-202\" srcset=\"https:\/\/francishubin.com\/wp-content\/uploads\/2024\/10\/IMG_0532-1024x768.jpg 1024w, https:\/\/francishubin.com\/wp-content\/uploads\/2024\/10\/IMG_0532-300x225.jpg 300w, https:\/\/francishubin.com\/wp-content\/uploads\/2024\/10\/IMG_0532-768x576.jpg 768w, https:\/\/francishubin.com\/wp-content\/uploads\/2024\/10\/IMG_0532-1536x1152.jpg 1536w, https:\/\/francishubin.com\/wp-content\/uploads\/2024\/10\/IMG_0532-2048x1536.jpg 2048w\" sizes=\"auto, (max-width: 1024px) 100vw, 1024px\" \/><\/figure>\n<\/div>\n<\/div>\n<\/div>\n<\/div><\/div>\n\n\n\n<div class=\"wp-block-group\" style=\"margin-top:0;margin-bottom:0;padding-top:100px;padding-bottom:100px\"><div class=\"wp-block-group__inner-container is-layout-flow wp-block-group-is-layout-flow\"><\/div><\/div>\n","protected":false},"excerpt":{"rendered":"<p>Depuis tout petit, je dessine. En secondaire, j\u2019ai fait des centaines de caricatures de condisciples et de professeurs, que je distribuais \u00e0 qui voulait. Du coup je n\u2019en ai presque plus. En voici une de 1972&nbsp;: Apr\u00e8s des \u00e9tudes d\u2019architecture \u00e9court\u00e9es ( je suis nul en maths ) je me suis orient\u00e9 vers les m\u00e9tiers [&hellip;]<\/p>\n","protected":false},"author":1,"featured_media":0,"parent":0,"menu_order":0,"comment_status":"closed","ping_status":"closed","template":"templates\/template-full-width.php","meta":{"footnotes":""},"class_list":["post-54","page","type-page","status-publish","hentry"],"_links":{"self":[{"href":"https:\/\/francishubin.com\/index.php\/wp-json\/wp\/v2\/pages\/54","targetHints":{"allow":["GET"]}}],"collection":[{"href":"https:\/\/francishubin.com\/index.php\/wp-json\/wp\/v2\/pages"}],"about":[{"href":"https:\/\/francishubin.com\/index.php\/wp-json\/wp\/v2\/types\/page"}],"author":[{"embeddable":true,"href":"https:\/\/francishubin.com\/index.php\/wp-json\/wp\/v2\/users\/1"}],"replies":[{"embeddable":true,"href":"https:\/\/francishubin.com\/index.php\/wp-json\/wp\/v2\/comments?post=54"}],"version-history":[{"count":14,"href":"https:\/\/francishubin.com\/index.php\/wp-json\/wp\/v2\/pages\/54\/revisions"}],"predecessor-version":[{"id":546,"href":"https:\/\/francishubin.com\/index.php\/wp-json\/wp\/v2\/pages\/54\/revisions\/546"}],"wp:attachment":[{"href":"https:\/\/francishubin.com\/index.php\/wp-json\/wp\/v2\/media?parent=54"}],"curies":[{"name":"wp","href":"https:\/\/api.w.org\/{rel}","templated":true}]}}