{"id":34,"date":"2024-10-15T18:00:38","date_gmt":"2024-10-15T16:00:38","guid":{"rendered":"https:\/\/francishubin.com\/?page_id=34"},"modified":"2025-08-21T19:26:49","modified_gmt":"2025-08-21T17:26:49","slug":"contact","status":"publish","type":"page","link":"https:\/\/francishubin.com\/index.php\/contact\/","title":{"rendered":"Contact"},"content":{"rendered":"\n<p><\/p>\n\n\n\n<h2 class=\"wp-block-heading\">Entrons en contact<\/h2>\n\n\n\n<p>Vous souhaitez en savoir plus sur une \u0153uvre, proposer une exposition ou acqu\u00e9rir un travail de <strong>Francis Hubin<\/strong> ?<\/p>\n\n\n\n<p>Artiste polyvalent: toutes sortes de d\u00e9cos, fresques, vitraux contemporains,  caricatures, dessins vari\u00e9s, sculptures petites ou monumentales. <\/p>\n\n\n\n<p>\ud83d\udce7 \u00c9crivez \u00e0 : <a href=\"mailto:hubinsculpture@gmail.com\">hubinsculpture@gmail.com<\/a><\/p>\n\n\n\n<p>\ud83d\udcde T\u00e9l\u00e9phone : <strong>+32 <strong> 485 73 01 02<\/strong> \/ +32 491 92 04 02<\/strong><\/p>\n\n\n\n<p>Francis r\u00e9pond personnellement \u00e0 chaque message avec plaisir.<\/p>\n\n\n\n<figure class=\"wp-block-gallery has-nested-images columns-default is-cropped wp-block-gallery-1 is-layout-flex wp-block-gallery-is-layout-flex\">\n<figure class=\"wp-block-image size-large\"><img loading=\"lazy\" decoding=\"async\" width=\"1024\" height=\"768\" data-id=\"223\" src=\"https:\/\/francishubin.com\/wp-content\/uploads\/2024\/10\/DSC_1442-1024x768.jpg\" alt=\"\" class=\"wp-image-223\" srcset=\"https:\/\/francishubin.com\/wp-content\/uploads\/2024\/10\/DSC_1442-1024x768.jpg 1024w, https:\/\/francishubin.com\/wp-content\/uploads\/2024\/10\/DSC_1442-300x225.jpg 300w, https:\/\/francishubin.com\/wp-content\/uploads\/2024\/10\/DSC_1442-768x576.jpg 768w, https:\/\/francishubin.com\/wp-content\/uploads\/2024\/10\/DSC_1442-1536x1152.jpg 1536w, https:\/\/francishubin.com\/wp-content\/uploads\/2024\/10\/DSC_1442-2048x1536.jpg 2048w\" sizes=\"auto, (max-width: 1024px) 100vw, 1024px\" \/><figcaption class=\"wp-element-caption\">l&rsquo;artiste au travail<\/figcaption><\/figure>\n\n\n\n<figure class=\"wp-block-image size-large\"><img loading=\"lazy\" decoding=\"async\" width=\"1024\" height=\"498\" data-id=\"183\" src=\"https:\/\/francishubin.com\/wp-content\/uploads\/2024\/10\/20200517_105615-1024x498.jpg\" alt=\"\" class=\"wp-image-183\" srcset=\"https:\/\/francishubin.com\/wp-content\/uploads\/2024\/10\/20200517_105615-1024x498.jpg 1024w, https:\/\/francishubin.com\/wp-content\/uploads\/2024\/10\/20200517_105615-300x146.jpg 300w, https:\/\/francishubin.com\/wp-content\/uploads\/2024\/10\/20200517_105615-768x373.jpg 768w, https:\/\/francishubin.com\/wp-content\/uploads\/2024\/10\/20200517_105615-1536x747.jpg 1536w, https:\/\/francishubin.com\/wp-content\/uploads\/2024\/10\/20200517_105615-2048x996.jpg 2048w\" sizes=\"auto, (max-width: 1024px) 100vw, 1024px\" \/><figcaption class=\"wp-element-caption\">cr\u00e9ation du dino en zinc<\/figcaption><\/figure>\n<\/figure>\n","protected":false},"excerpt":{"rendered":"<p>Entrons en contact Vous souhaitez en savoir plus sur une \u0153uvre, proposer une exposition ou acqu\u00e9rir un travail de Francis Hubin ? Artiste polyvalent: toutes sortes de d\u00e9cos, fresques, vitraux contemporains, caricatures, dessins vari\u00e9s, sculptures petites ou monumentales. \ud83d\udce7 \u00c9crivez \u00e0 : hubinsculpture@gmail.com \ud83d\udcde T\u00e9l\u00e9phone : +32 485 73 01 02 \/ +32 491 92 [&hellip;]<\/p>\n","protected":false},"author":1,"featured_media":0,"parent":0,"menu_order":0,"comment_status":"closed","ping_status":"closed","template":"","meta":{"footnotes":""},"class_list":["post-34","page","type-page","status-publish","hentry"],"_links":{"self":[{"href":"https:\/\/francishubin.com\/index.php\/wp-json\/wp\/v2\/pages\/34","targetHints":{"allow":["GET"]}}],"collection":[{"href":"https:\/\/francishubin.com\/index.php\/wp-json\/wp\/v2\/pages"}],"about":[{"href":"https:\/\/francishubin.com\/index.php\/wp-json\/wp\/v2\/types\/page"}],"author":[{"embeddable":true,"href":"https:\/\/francishubin.com\/index.php\/wp-json\/wp\/v2\/users\/1"}],"replies":[{"embeddable":true,"href":"https:\/\/francishubin.com\/index.php\/wp-json\/wp\/v2\/comments?post=34"}],"version-history":[{"count":19,"href":"https:\/\/francishubin.com\/index.php\/wp-json\/wp\/v2\/pages\/34\/revisions"}],"predecessor-version":[{"id":480,"href":"https:\/\/francishubin.com\/index.php\/wp-json\/wp\/v2\/pages\/34\/revisions\/480"}],"wp:attachment":[{"href":"https:\/\/francishubin.com\/index.php\/wp-json\/wp\/v2\/media?parent=34"}],"curies":[{"name":"wp","href":"https:\/\/api.w.org\/{rel}","templated":true}]}}