{"id":302,"date":"2025-08-14T15:19:47","date_gmt":"2025-08-14T13:19:47","guid":{"rendered":"https:\/\/francishubin.com\/?page_id=302"},"modified":"2025-08-15T19:58:51","modified_gmt":"2025-08-15T17:58:51","slug":"caricatures-politiques","status":"publish","type":"page","link":"https:\/\/francishubin.com\/index.php\/caricatures-politiques\/","title":{"rendered":"Caricatures politiques"},"content":{"rendered":"\n<p class=\"has-luminous-dusk-gradient-background has-background has-large-font-size\">Caricatures politiques <\/p>\n\n\n\n<p>Caricatures l\u00e9g\u00e8res de Nicolas Sarkozy, Louis Michel, Elio di Rupo, Renaud et Philippe Geluck<\/p>\n\n\n\n<figure class=\"wp-block-image size-large\"><img loading=\"lazy\" decoding=\"async\" width=\"950\" height=\"1024\" src=\"https:\/\/francishubin.com\/wp-content\/uploads\/2025\/08\/LaCommunication-950x1024.jpg\" alt=\"\" class=\"wp-image-305\" srcset=\"https:\/\/francishubin.com\/wp-content\/uploads\/2025\/08\/LaCommunication-950x1024.jpg 950w, https:\/\/francishubin.com\/wp-content\/uploads\/2025\/08\/LaCommunication-278x300.jpg 278w, https:\/\/francishubin.com\/wp-content\/uploads\/2025\/08\/LaCommunication-768x828.jpg 768w, https:\/\/francishubin.com\/wp-content\/uploads\/2025\/08\/LaCommunication-1425x1536.jpg 1425w, https:\/\/francishubin.com\/wp-content\/uploads\/2025\/08\/LaCommunication-1900x2048.jpg 1900w\" sizes=\"auto, (max-width: 950px) 100vw, 950px\" \/><\/figure>\n\n\n\n<p>Manifestement inspir\u00e9 du c\u00e9l\u00e8bre \u00ab\u00a0La loi, c&rsquo;est moi !\u00a0\u00bb de Sylvester Stallone. Mais ici, il ne se contente pas d\u2019\u00eatre au-dessus des lois : il est carr\u00e9ment dans les cieux. Quand il parle \u00e0 Dieu, on comprend tout de suite qui commande !<\/p>\n\n\n\n<figure class=\"wp-block-image size-large\"><img loading=\"lazy\" decoding=\"async\" width=\"728\" height=\"1024\" src=\"https:\/\/francishubin.com\/wp-content\/uploads\/2025\/08\/trump2-1-728x1024.jpg\" alt=\"\" class=\"wp-image-323\" srcset=\"https:\/\/francishubin.com\/wp-content\/uploads\/2025\/08\/trump2-1-728x1024.jpg 728w, https:\/\/francishubin.com\/wp-content\/uploads\/2025\/08\/trump2-1-213x300.jpg 213w, https:\/\/francishubin.com\/wp-content\/uploads\/2025\/08\/trump2-1-768x1081.jpg 768w, https:\/\/francishubin.com\/wp-content\/uploads\/2025\/08\/trump2-1-1091x1536.jpg 1091w, https:\/\/francishubin.com\/wp-content\/uploads\/2025\/08\/trump2-1-1455x2048.jpg 1455w, https:\/\/francishubin.com\/wp-content\/uploads\/2025\/08\/trump2-1-scaled.jpg 1819w\" sizes=\"auto, (max-width: 728px) 100vw, 728px\" \/><\/figure>\n\n\n\n<p>Voici une sc\u00e8ne explicite illustrant la r\u00e9flexion de Trump apr\u00e8s une rencontre avec son homologue russe \u00ab&nbsp;J\u2019ai l\u2019impression qu\u2019il me balade&nbsp;\u00bb&nbsp;:<\/p>\n\n\n\n<p>&nbsp;Le pr\u00e9sident Poutine, torse nu, mont\u00e9 \u00e0 califourchon sur le dos du pr\u00e9sident Trump, qui est \u00e0 quatre pattes. Une canne \u00e0 p\u00eache tient une carotte suspendue devant le nez de Trump, ce qui expliquerait \u2014 entre autres \u2014 son fameux teint orange.<\/p>\n\n\n\n<figure class=\"wp-block-image size-large\"><img loading=\"lazy\" decoding=\"async\" width=\"683\" height=\"1024\" src=\"https:\/\/francishubin.com\/wp-content\/uploads\/2025\/08\/trump-1-683x1024.jpg\" alt=\"\" class=\"wp-image-324\" srcset=\"https:\/\/francishubin.com\/wp-content\/uploads\/2025\/08\/trump-1-683x1024.jpg 683w, https:\/\/francishubin.com\/wp-content\/uploads\/2025\/08\/trump-1-200x300.jpg 200w, https:\/\/francishubin.com\/wp-content\/uploads\/2025\/08\/trump-1-768x1152.jpg 768w, https:\/\/francishubin.com\/wp-content\/uploads\/2025\/08\/trump-1-1024x1536.jpg 1024w, https:\/\/francishubin.com\/wp-content\/uploads\/2025\/08\/trump-1-1365x2048.jpg 1365w, https:\/\/francishubin.com\/wp-content\/uploads\/2025\/08\/trump-1-scaled.jpg 1706w\" sizes=\"auto, (max-width: 683px) 100vw, 683px\" \/><\/figure>\n\n\n\n<p>La paix par la force, l&rsquo;histoire se r\u00e9p\u00e8te.<\/p>\n\n\n\n<figure class=\"wp-block-image size-large\"><img loading=\"lazy\" decoding=\"async\" width=\"739\" height=\"1024\" src=\"https:\/\/francishubin.com\/wp-content\/uploads\/2025\/08\/paixparlaforce-1-739x1024.jpg\" alt=\"\" class=\"wp-image-325\" srcset=\"https:\/\/francishubin.com\/wp-content\/uploads\/2025\/08\/paixparlaforce-1-739x1024.jpg 739w, https:\/\/francishubin.com\/wp-content\/uploads\/2025\/08\/paixparlaforce-1-216x300.jpg 216w, https:\/\/francishubin.com\/wp-content\/uploads\/2025\/08\/paixparlaforce-1-768x1064.jpg 768w, https:\/\/francishubin.com\/wp-content\/uploads\/2025\/08\/paixparlaforce-1-1108x1536.jpg 1108w, https:\/\/francishubin.com\/wp-content\/uploads\/2025\/08\/paixparlaforce-1-1478x2048.jpg 1478w, https:\/\/francishubin.com\/wp-content\/uploads\/2025\/08\/paixparlaforce-1-scaled.jpg 1847w\" sizes=\"auto, (max-width: 739px) 100vw, 739px\" \/><\/figure>\n","protected":false},"excerpt":{"rendered":"<p>Caricatures politiques Caricatures l\u00e9g\u00e8res de Nicolas Sarkozy, Louis Michel, Elio di Rupo, Renaud et Philippe Geluck Manifestement inspir\u00e9 du c\u00e9l\u00e8bre \u00ab\u00a0La loi, c&rsquo;est moi !\u00a0\u00bb de Sylvester Stallone. Mais ici, il ne se contente pas d\u2019\u00eatre au-dessus des lois : il est carr\u00e9ment dans les cieux. Quand il parle \u00e0 Dieu, on comprend tout de [&hellip;]<\/p>\n","protected":false},"author":1,"featured_media":0,"parent":0,"menu_order":0,"comment_status":"closed","ping_status":"closed","template":"","meta":{"footnotes":""},"class_list":["post-302","page","type-page","status-publish","hentry"],"_links":{"self":[{"href":"https:\/\/francishubin.com\/index.php\/wp-json\/wp\/v2\/pages\/302","targetHints":{"allow":["GET"]}}],"collection":[{"href":"https:\/\/francishubin.com\/index.php\/wp-json\/wp\/v2\/pages"}],"about":[{"href":"https:\/\/francishubin.com\/index.php\/wp-json\/wp\/v2\/types\/page"}],"author":[{"embeddable":true,"href":"https:\/\/francishubin.com\/index.php\/wp-json\/wp\/v2\/users\/1"}],"replies":[{"embeddable":true,"href":"https:\/\/francishubin.com\/index.php\/wp-json\/wp\/v2\/comments?post=302"}],"version-history":[{"count":7,"href":"https:\/\/francishubin.com\/index.php\/wp-json\/wp\/v2\/pages\/302\/revisions"}],"predecessor-version":[{"id":366,"href":"https:\/\/francishubin.com\/index.php\/wp-json\/wp\/v2\/pages\/302\/revisions\/366"}],"wp:attachment":[{"href":"https:\/\/francishubin.com\/index.php\/wp-json\/wp\/v2\/media?parent=302"}],"curies":[{"name":"wp","href":"https:\/\/api.w.org\/{rel}","templated":true}]}}