{"id":24,"date":"2024-10-15T17:57:12","date_gmt":"2024-10-15T15:57:12","guid":{"rendered":"https:\/\/francishubin.com\/?page_id=24"},"modified":"2026-02-27T17:22:19","modified_gmt":"2026-02-27T16:22:19","slug":"peintures","status":"publish","type":"page","link":"https:\/\/francishubin.com\/index.php\/peintures\/","title":{"rendered":"Peintures"},"content":{"rendered":"\n<div class=\"wp-block-cover alignfull has-custom-content-position is-position-bottom-right wp-duotone-unset-1\" style=\"min-height:100vh;aspect-ratio:unset;\"><img loading=\"lazy\" decoding=\"async\" width=\"2560\" height=\"1920\" class=\"wp-block-cover__image-background wp-image-223\" alt=\"\" src=\"https:\/\/francishubin.com\/wp-content\/uploads\/2024\/10\/DSC_1442-scaled.jpg\" data-object-fit=\"cover\" srcset=\"https:\/\/francishubin.com\/wp-content\/uploads\/2024\/10\/DSC_1442-scaled.jpg 2560w, https:\/\/francishubin.com\/wp-content\/uploads\/2024\/10\/DSC_1442-300x225.jpg 300w, https:\/\/francishubin.com\/wp-content\/uploads\/2024\/10\/DSC_1442-1024x768.jpg 1024w, https:\/\/francishubin.com\/wp-content\/uploads\/2024\/10\/DSC_1442-768x576.jpg 768w, https:\/\/francishubin.com\/wp-content\/uploads\/2024\/10\/DSC_1442-1536x1152.jpg 1536w, https:\/\/francishubin.com\/wp-content\/uploads\/2024\/10\/DSC_1442-2048x1536.jpg 2048w\" sizes=\"auto, (max-width: 2560px) 100vw, 2560px\" \/><span aria-hidden=\"true\" class=\"wp-block-cover__background has-background-dim-20 has-background-dim\" style=\"background-color:#807877\"><\/span><div class=\"wp-block-cover__inner-container is-layout-constrained wp-container-core-cover-is-layout-48c9aa2a wp-block-cover-is-layout-constrained\">\n<h2 class=\"wp-block-heading has-text-align-right has-text-color has-work-sans-font-family\" style=\"color:#000000;font-size:67px;font-style:normal;font-weight:300;letter-spacing:15px;text-transform:uppercase\">mes huiles<\/h2>\n<\/div><\/div>\n\n\n\n<div class=\"wp-block-group alignfull\"><div class=\"wp-block-group__inner-container is-layout-constrained wp-container-core-group-is-layout-48c9aa2a wp-block-group-is-layout-constrained\">\n<div class=\"wp-block-group alignwide\" style=\"margin-top:0;margin-bottom:0;padding-top:100px;padding-bottom:100px\"><div class=\"wp-block-group__inner-container is-layout-constrained wp-container-core-group-is-layout-f82b5c92 wp-block-group-is-layout-constrained\">\n<h2 class=\"wp-block-heading has-text-align-center has-text-color has-work-sans-font-family\" style=\"color:#000000;font-size:35px;font-style:normal;font-weight:400\">Peintures \u00e0 l&rsquo;huile<\/h2>\n\n\n\n<p class=\"has-text-align-center has-text-color has-playfair-display-font-family\" style=\"color:#292929;font-size:16px;font-style:normal;font-weight:500\">La plupart des peintures \u00e0 l&rsquo;huile sont r\u00e9alis\u00e9es sur panneau MDF. Les cadres sont les plus sobres possibles, afin de surtout mettre en valeur la peinture. <\/p>\n\n\n\n<p class=\"has-text-align-center\">Toutes les peintures \u00e0 l&rsquo;huile sont prot\u00e9g\u00e9es par un vernis dammar.<\/p>\n<\/div><\/div>\n<\/div><\/div>\n\n\n\n<div class=\"wp-block-cover alignfull has-custom-content-position is-position-top-left wp-duotone-unset-2\" style=\"min-height:100vh;aspect-ratio:unset;\"><img loading=\"lazy\" decoding=\"async\" width=\"1280\" height=\"604\" class=\"wp-block-cover__image-background wp-image-226\" alt=\"\" src=\"https:\/\/francishubin.com\/wp-content\/uploads\/2024\/10\/vieuxCheminDeVillers.jpeg.jpg\" data-object-fit=\"cover\" srcset=\"https:\/\/francishubin.com\/wp-content\/uploads\/2024\/10\/vieuxCheminDeVillers.jpeg.jpg 1280w, https:\/\/francishubin.com\/wp-content\/uploads\/2024\/10\/vieuxCheminDeVillers.jpeg-300x142.jpg 300w, https:\/\/francishubin.com\/wp-content\/uploads\/2024\/10\/vieuxCheminDeVillers.jpeg-1024x483.jpg 1024w, https:\/\/francishubin.com\/wp-content\/uploads\/2024\/10\/vieuxCheminDeVillers.jpeg-768x362.jpg 768w\" sizes=\"auto, (max-width: 1280px) 100vw, 1280px\" \/><span aria-hidden=\"true\" class=\"wp-block-cover__background has-background-dim-20 has-background-dim\" style=\"background-color:#484b4f\"><\/span><div class=\"wp-block-cover__inner-container is-layout-constrained wp-container-core-cover-is-layout-48c9aa2a wp-block-cover-is-layout-constrained\">\n<h2 class=\"wp-block-heading has-text-align-center has-text-color has-work-sans-font-family\" style=\"color:#ffffff;font-size:37px;font-style:normal;font-weight:300;letter-spacing:15px;text-transform:uppercase\">Chemin de Villers, Harmignies<\/h2>\n<\/div><\/div>\n\n\n\n<p>\u00c0 Harveng, champ d&rsquo;un cultivateur perspicace au coucher du soleil\u00a0<\/p>\n\n\n\n<figure class=\"wp-block-image size-large\"><img loading=\"lazy\" decoding=\"async\" width=\"1024\" height=\"733\" src=\"https:\/\/francishubin.com\/wp-content\/uploads\/2026\/02\/20260227_162119-1024x733.jpg\" alt=\"\" class=\"wp-image-548\" srcset=\"https:\/\/francishubin.com\/wp-content\/uploads\/2026\/02\/20260227_162119-1024x733.jpg 1024w, https:\/\/francishubin.com\/wp-content\/uploads\/2026\/02\/20260227_162119-300x215.jpg 300w, https:\/\/francishubin.com\/wp-content\/uploads\/2026\/02\/20260227_162119-768x550.jpg 768w, https:\/\/francishubin.com\/wp-content\/uploads\/2026\/02\/20260227_162119-1536x1099.jpg 1536w, https:\/\/francishubin.com\/wp-content\/uploads\/2026\/02\/20260227_162119-2048x1466.jpg 2048w, https:\/\/francishubin.com\/wp-content\/uploads\/2026\/02\/20260227_162119-1200x859.jpg 1200w, https:\/\/francishubin.com\/wp-content\/uploads\/2026\/02\/20260227_162119-1980x1417.jpg 1980w\" sizes=\"auto, (max-width: 1024px) 100vw, 1024px\" \/><\/figure>\n\n\n\n<p>TRIPTIQUE FLEUR DE POMMIER<\/p>\n\n\n\n<figure class=\"wp-block-gallery has-nested-images columns-default is-cropped wp-block-gallery-3 is-layout-flex wp-block-gallery-is-layout-flex\">\n<figure class=\"wp-block-image size-large\"><img loading=\"lazy\" decoding=\"async\" width=\"1024\" height=\"698\" data-id=\"314\" src=\"https:\/\/francishubin.com\/wp-content\/uploads\/2025\/08\/FleurDePommier-1024x698.jpg\" alt=\"\" class=\"wp-image-314\" srcset=\"https:\/\/francishubin.com\/wp-content\/uploads\/2025\/08\/FleurDePommier-1024x698.jpg 1024w, https:\/\/francishubin.com\/wp-content\/uploads\/2025\/08\/FleurDePommier-300x204.jpg 300w, https:\/\/francishubin.com\/wp-content\/uploads\/2025\/08\/FleurDePommier-768x523.jpg 768w, https:\/\/francishubin.com\/wp-content\/uploads\/2025\/08\/FleurDePommier-1536x1047.jpg 1536w, https:\/\/francishubin.com\/wp-content\/uploads\/2025\/08\/FleurDePommier-2048x1396.jpg 2048w\" sizes=\"auto, (max-width: 1024px) 100vw, 1024px\" \/><\/figure>\n\n\n\n<figure class=\"wp-block-image size-large\"><img loading=\"lazy\" decoding=\"async\" width=\"1024\" height=\"740\" data-id=\"550\" src=\"https:\/\/francishubin.com\/wp-content\/uploads\/2026\/02\/20260227_154032-1024x740.jpg\" alt=\"\" class=\"wp-image-550\" srcset=\"https:\/\/francishubin.com\/wp-content\/uploads\/2026\/02\/20260227_154032-1024x740.jpg 1024w, https:\/\/francishubin.com\/wp-content\/uploads\/2026\/02\/20260227_154032-300x217.jpg 300w, https:\/\/francishubin.com\/wp-content\/uploads\/2026\/02\/20260227_154032-768x555.jpg 768w, https:\/\/francishubin.com\/wp-content\/uploads\/2026\/02\/20260227_154032-1536x1111.jpg 1536w, https:\/\/francishubin.com\/wp-content\/uploads\/2026\/02\/20260227_154032-2048x1481.jpg 2048w, https:\/\/francishubin.com\/wp-content\/uploads\/2026\/02\/20260227_154032-1200x868.jpg 1200w, https:\/\/francishubin.com\/wp-content\/uploads\/2026\/02\/20260227_154032-1980x1432.jpg 1980w\" sizes=\"auto, (max-width: 1024px) 100vw, 1024px\" \/><\/figure>\n\n\n\n<figure class=\"wp-block-image size-large\"><img loading=\"lazy\" decoding=\"async\" width=\"1024\" height=\"732\" data-id=\"549\" src=\"https:\/\/francishubin.com\/wp-content\/uploads\/2026\/02\/20260227_153813-1024x732.jpg\" alt=\"\" class=\"wp-image-549\" srcset=\"https:\/\/francishubin.com\/wp-content\/uploads\/2026\/02\/20260227_153813-1024x732.jpg 1024w, https:\/\/francishubin.com\/wp-content\/uploads\/2026\/02\/20260227_153813-300x215.jpg 300w, https:\/\/francishubin.com\/wp-content\/uploads\/2026\/02\/20260227_153813-768x549.jpg 768w, https:\/\/francishubin.com\/wp-content\/uploads\/2026\/02\/20260227_153813-1536x1098.jpg 1536w, https:\/\/francishubin.com\/wp-content\/uploads\/2026\/02\/20260227_153813-2048x1464.jpg 2048w, https:\/\/francishubin.com\/wp-content\/uploads\/2026\/02\/20260227_153813-1200x858.jpg 1200w, https:\/\/francishubin.com\/wp-content\/uploads\/2026\/02\/20260227_153813-1980x1416.jpg 1980w\" sizes=\"auto, (max-width: 1024px) 100vw, 1024px\" \/><\/figure>\n<\/figure>\n\n\n\n<p>\u00ab\u00a0L&rsquo;ANCIEN ET LE NOUVEAU\u00a0\u00bb, Doel, Hauteur 39 cm, largeur 59cm &#8211; 960<strong>\u20ac TTC<\/strong><\/p>\n\n\n\n<figure class=\"wp-block-image size-large\"><img loading=\"lazy\" decoding=\"async\" width=\"1024\" height=\"727\" src=\"https:\/\/francishubin.com\/wp-content\/uploads\/2025\/09\/20250928_110207-1024x727.jpg\" alt=\"\" class=\"wp-image-542\" srcset=\"https:\/\/francishubin.com\/wp-content\/uploads\/2025\/09\/20250928_110207-1024x727.jpg 1024w, https:\/\/francishubin.com\/wp-content\/uploads\/2025\/09\/20250928_110207-300x213.jpg 300w, https:\/\/francishubin.com\/wp-content\/uploads\/2025\/09\/20250928_110207-768x545.jpg 768w, https:\/\/francishubin.com\/wp-content\/uploads\/2025\/09\/20250928_110207-1536x1090.jpg 1536w, https:\/\/francishubin.com\/wp-content\/uploads\/2025\/09\/20250928_110207-2048x1453.jpg 2048w, https:\/\/francishubin.com\/wp-content\/uploads\/2025\/09\/20250928_110207-1200x851.jpg 1200w, https:\/\/francishubin.com\/wp-content\/uploads\/2025\/09\/20250928_110207-1980x1405.jpg 1980w\" sizes=\"auto, (max-width: 1024px) 100vw, 1024px\" \/><\/figure>\n\n\n\n<p>\u00ab\u00a0BEFFROI DE MONS\u00a0\u00bb Hauteur 81cm, largeur 54cm &#8211; <strong>1994\u20ac TTC<\/strong><\/p>\n\n\n\n<figure class=\"wp-block-image size-large\"><img loading=\"lazy\" decoding=\"async\" width=\"703\" height=\"1024\" src=\"https:\/\/francishubin.com\/wp-content\/uploads\/2025\/08\/beffroi-703x1024.jpg\" alt=\"\" class=\"wp-image-311\" srcset=\"https:\/\/francishubin.com\/wp-content\/uploads\/2025\/08\/beffroi-703x1024.jpg 703w, https:\/\/francishubin.com\/wp-content\/uploads\/2025\/08\/beffroi-206x300.jpg 206w, https:\/\/francishubin.com\/wp-content\/uploads\/2025\/08\/beffroi-768x1119.jpg 768w, https:\/\/francishubin.com\/wp-content\/uploads\/2025\/08\/beffroi-1054x1536.jpg 1054w, https:\/\/francishubin.com\/wp-content\/uploads\/2025\/08\/beffroi-1406x2048.jpg 1406w, https:\/\/francishubin.com\/wp-content\/uploads\/2025\/08\/beffroi-scaled.jpg 1757w\" sizes=\"auto, (max-width: 703px) 100vw, 703px\" \/><\/figure>\n\n\n\n<p>\u00ab\u00a0HARMIGNIES, LES VIEUX SAULES\u00a0\u00bb Hauteur: 53 cm, largeur: 39 cm. &#8211; <strong>960\u20ac TTC<\/strong><\/p>\n\n\n\n<figure class=\"wp-block-image\"><img loading=\"lazy\" decoding=\"async\" width=\"971\" height=\"1280\" src=\"http:\/\/francishubin.com\/wp-content\/uploads\/2025\/08\/vieuxSaule.jpeg\" alt=\"peinture \u00e0 l'huile &quot;les vieux saules&quot; \" class=\"wp-image-279\" srcset=\"https:\/\/francishubin.com\/wp-content\/uploads\/2025\/08\/vieuxSaule.jpeg 971w, https:\/\/francishubin.com\/wp-content\/uploads\/2025\/08\/vieuxSaule-228x300.jpeg 228w, https:\/\/francishubin.com\/wp-content\/uploads\/2025\/08\/vieuxSaule-777x1024.jpeg 777w, https:\/\/francishubin.com\/wp-content\/uploads\/2025\/08\/vieuxSaule-768x1012.jpeg 768w\" sizes=\"auto, (max-width: 971px) 100vw, 971px\" \/><\/figure>\n\n\n\n<p>\u00ab\u00a0HARMIGNIES, INONDATIONS\u00a0\u00bb Hauteur 82 cm, largeur 55 cm &#8211; <strong>1932\u20ac TTC<\/strong><\/p>\n\n\n\n<figure class=\"wp-block-image size-large\"><img loading=\"lazy\" decoding=\"async\" width=\"702\" height=\"1024\" src=\"https:\/\/francishubin.com\/wp-content\/uploads\/2025\/08\/arbreInnondations-702x1024.jpg\" alt=\"\" class=\"wp-image-309\" srcset=\"https:\/\/francishubin.com\/wp-content\/uploads\/2025\/08\/arbreInnondations-702x1024.jpg 702w, https:\/\/francishubin.com\/wp-content\/uploads\/2025\/08\/arbreInnondations-206x300.jpg 206w, https:\/\/francishubin.com\/wp-content\/uploads\/2025\/08\/arbreInnondations-768x1120.jpg 768w, https:\/\/francishubin.com\/wp-content\/uploads\/2025\/08\/arbreInnondations-1054x1536.jpg 1054w, https:\/\/francishubin.com\/wp-content\/uploads\/2025\/08\/arbreInnondations-1405x2048.jpg 1405w, https:\/\/francishubin.com\/wp-content\/uploads\/2025\/08\/arbreInnondations-scaled.jpg 1756w\" sizes=\"auto, (max-width: 702px) 100vw, 702px\" \/><\/figure>\n\n\n\n<p>\u00ab\u00a0HARMIGNIES, CHEMIN DE VILLERS\u00a0\u00bb Hauteur 28 cm, longueur 65 cm &#8211; <strong>1710\u20ac TTC<\/strong><\/p>\n\n\n\n<figure class=\"wp-block-image size-large\"><img loading=\"lazy\" decoding=\"async\" width=\"1024\" height=\"442\" src=\"https:\/\/francishubin.com\/wp-content\/uploads\/2025\/08\/cheminVillers-1-1024x442.jpeg\" alt=\"\" class=\"wp-image-284\" srcset=\"https:\/\/francishubin.com\/wp-content\/uploads\/2025\/08\/cheminVillers-1-1024x442.jpeg 1024w, https:\/\/francishubin.com\/wp-content\/uploads\/2025\/08\/cheminVillers-1-300x130.jpeg 300w, https:\/\/francishubin.com\/wp-content\/uploads\/2025\/08\/cheminVillers-1-768x332.jpeg 768w, https:\/\/francishubin.com\/wp-content\/uploads\/2025\/08\/cheminVillers-1.jpeg 1280w\" sizes=\"auto, (max-width: 1024px) 100vw, 1024px\" \/><\/figure>\n\n\n\n<p>\u00ab\u00a0JEUNE AFRICAINE\u00a0\u00bb Hauteur: 40 cm, largeur 31 cm, carton entoil\u00e9 &#8211; <strong>650\u20ac TTC<\/strong><\/p>\n\n\n\n<figure class=\"wp-block-image size-large\"><img loading=\"lazy\" decoding=\"async\" width=\"804\" height=\"1024\" src=\"https:\/\/francishubin.com\/wp-content\/uploads\/2025\/08\/africaine-1-804x1024.jpeg\" alt=\"\" class=\"wp-image-280\" srcset=\"https:\/\/francishubin.com\/wp-content\/uploads\/2025\/08\/africaine-1-804x1024.jpeg 804w, https:\/\/francishubin.com\/wp-content\/uploads\/2025\/08\/africaine-1-236x300.jpeg 236w, https:\/\/francishubin.com\/wp-content\/uploads\/2025\/08\/africaine-1-768x978.jpeg 768w, https:\/\/francishubin.com\/wp-content\/uploads\/2025\/08\/africaine-1.jpeg 1005w\" sizes=\"auto, (max-width: 804px) 100vw, 804px\" \/><\/figure>\n\n\n\n<p>\u00ab\u00a0EOLIENNES AU CREPUSCULE\u00a0\u00bb Hauteur 51 cm, longueur 76 cm &#8211; <strong>1928\u20ac TTC<\/strong><\/p>\n\n\n\n<figure class=\"wp-block-image size-large\"><img loading=\"lazy\" decoding=\"async\" width=\"1024\" height=\"680\" src=\"https:\/\/francishubin.com\/wp-content\/uploads\/2025\/08\/eoliennes-1-1024x680.jpeg\" alt=\"\" class=\"wp-image-285\" srcset=\"https:\/\/francishubin.com\/wp-content\/uploads\/2025\/08\/eoliennes-1-1024x680.jpeg 1024w, https:\/\/francishubin.com\/wp-content\/uploads\/2025\/08\/eoliennes-1-300x199.jpeg 300w, https:\/\/francishubin.com\/wp-content\/uploads\/2025\/08\/eoliennes-1-768x510.jpeg 768w, https:\/\/francishubin.com\/wp-content\/uploads\/2025\/08\/eoliennes-1.jpeg 1280w\" sizes=\"auto, (max-width: 1024px) 100vw, 1024px\" \/><\/figure>\n\n\n\n<p>\u00ab\u00a0FLEUR DE POMMIER\u00a0\u00bb Hauteur: 19 cm, largeur: 30 cm,  <\/p>\n\n\n\n<figure class=\"wp-block-image size-large\"><img loading=\"lazy\" decoding=\"async\" width=\"1024\" height=\"698\" src=\"https:\/\/francishubin.com\/wp-content\/uploads\/2025\/08\/FleurDePommier-1024x698.jpg\" alt=\"\" class=\"wp-image-314\" srcset=\"https:\/\/francishubin.com\/wp-content\/uploads\/2025\/08\/FleurDePommier-1024x698.jpg 1024w, https:\/\/francishubin.com\/wp-content\/uploads\/2025\/08\/FleurDePommier-300x204.jpg 300w, https:\/\/francishubin.com\/wp-content\/uploads\/2025\/08\/FleurDePommier-768x523.jpg 768w, https:\/\/francishubin.com\/wp-content\/uploads\/2025\/08\/FleurDePommier-1536x1047.jpg 1536w, https:\/\/francishubin.com\/wp-content\/uploads\/2025\/08\/FleurDePommier-2048x1396.jpg 2048w\" sizes=\"auto, (max-width: 1024px) 100vw, 1024px\" \/><\/figure>\n\n\n\n<p>\u00ab\u00a0NATURE MORTE\u00a0\u00bb Hauteur 40 cm, largeur 30 cm carton entoil\u00e9 &#8211;<strong> 520\u20ac TTC<\/strong><\/p>\n\n\n\n<figure class=\"wp-block-image size-large\"><img loading=\"lazy\" decoding=\"async\" width=\"771\" height=\"1024\" src=\"https:\/\/francishubin.com\/wp-content\/uploads\/2025\/08\/fromages-1-771x1024.jpeg\" alt=\"\" class=\"wp-image-286\" srcset=\"https:\/\/francishubin.com\/wp-content\/uploads\/2025\/08\/fromages-1-771x1024.jpeg 771w, https:\/\/francishubin.com\/wp-content\/uploads\/2025\/08\/fromages-1-226x300.jpeg 226w, https:\/\/francishubin.com\/wp-content\/uploads\/2025\/08\/fromages-1-768x1020.jpeg 768w, https:\/\/francishubin.com\/wp-content\/uploads\/2025\/08\/fromages-1.jpeg 964w\" sizes=\"auto, (max-width: 771px) 100vw, 771px\" \/><\/figure>\n\n\n\n<p>\u00ab\u00a0SANTE ! \u00a0\u00bb Hauteur 31 cm, carton entoil\u00e9 &#8211; <strong>300\u20ac TTC<\/strong><\/p>\n\n\n\n<figure class=\"wp-block-image size-large\"><img loading=\"lazy\" decoding=\"async\" width=\"835\" height=\"1024\" src=\"https:\/\/francishubin.com\/wp-content\/uploads\/2025\/08\/stFeuillien-1-835x1024.jpeg\" alt=\"\" class=\"wp-image-289\" srcset=\"https:\/\/francishubin.com\/wp-content\/uploads\/2025\/08\/stFeuillien-1-835x1024.jpeg 835w, https:\/\/francishubin.com\/wp-content\/uploads\/2025\/08\/stFeuillien-1-245x300.jpeg 245w, https:\/\/francishubin.com\/wp-content\/uploads\/2025\/08\/stFeuillien-1-768x942.jpeg 768w, https:\/\/francishubin.com\/wp-content\/uploads\/2025\/08\/stFeuillien-1.jpeg 1044w\" sizes=\"auto, (max-width: 835px) 100vw, 835px\" \/><\/figure>\n\n\n\n<p>\u00ab\u00a0ETUDE DE MAIN\u00a0\u00bb Hauteur: 24 cm, largeur 30 cm, carton entoil\u00e9<\/p>\n\n\n\n<figure class=\"wp-block-image size-large\"><img loading=\"lazy\" decoding=\"async\" width=\"1024\" height=\"800\" src=\"https:\/\/francishubin.com\/wp-content\/uploads\/2025\/08\/etudeDeMain-1024x800.jpg\" alt=\"\" class=\"wp-image-313\" srcset=\"https:\/\/francishubin.com\/wp-content\/uploads\/2025\/08\/etudeDeMain-1024x800.jpg 1024w, https:\/\/francishubin.com\/wp-content\/uploads\/2025\/08\/etudeDeMain-300x234.jpg 300w, https:\/\/francishubin.com\/wp-content\/uploads\/2025\/08\/etudeDeMain-768x600.jpg 768w, https:\/\/francishubin.com\/wp-content\/uploads\/2025\/08\/etudeDeMain-1536x1201.jpg 1536w, https:\/\/francishubin.com\/wp-content\/uploads\/2025\/08\/etudeDeMain-2048x1601.jpg 2048w\" sizes=\"auto, (max-width: 1024px) 100vw, 1024px\" \/><\/figure>\n\n\n\n<p>\u00ab\u00a0VIEILLE BOUTEILLE A ENCRE EN VERRE\u00a0\u00bb Hauteur 32 cm, carton entoil\u00e9 &#8211; <strong>200\u20ac TTC<\/strong><\/p>\n\n\n\n<figure class=\"wp-block-image size-large\"><img loading=\"lazy\" decoding=\"async\" width=\"782\" height=\"1024\" src=\"https:\/\/francishubin.com\/wp-content\/uploads\/2025\/08\/bouteilleCarree-1-782x1024.jpeg\" alt=\"\" class=\"wp-image-282\" srcset=\"https:\/\/francishubin.com\/wp-content\/uploads\/2025\/08\/bouteilleCarree-1-782x1024.jpeg 782w, https:\/\/francishubin.com\/wp-content\/uploads\/2025\/08\/bouteilleCarree-1-229x300.jpeg 229w, https:\/\/francishubin.com\/wp-content\/uploads\/2025\/08\/bouteilleCarree-1-768x1005.jpeg 768w, https:\/\/francishubin.com\/wp-content\/uploads\/2025\/08\/bouteilleCarree-1.jpeg 978w\" sizes=\"auto, (max-width: 782px) 100vw, 782px\" \/><\/figure>\n\n\n\n<p>\u00ab\u00a0TASSE A CAFE\u00a0\u00bb Hauteur 24 cm, carton entoil\u00e9 &#8211; <strong>180\u20ac TTC<\/strong><\/p>\n\n\n\n<figure class=\"wp-block-image size-large\"><img loading=\"lazy\" decoding=\"async\" width=\"771\" height=\"1024\" src=\"https:\/\/francishubin.com\/wp-content\/uploads\/2025\/08\/tasseCafe-1-771x1024.jpeg\" alt=\"\" class=\"wp-image-290\" srcset=\"https:\/\/francishubin.com\/wp-content\/uploads\/2025\/08\/tasseCafe-1-771x1024.jpeg 771w, https:\/\/francishubin.com\/wp-content\/uploads\/2025\/08\/tasseCafe-1-226x300.jpeg 226w, https:\/\/francishubin.com\/wp-content\/uploads\/2025\/08\/tasseCafe-1-768x1020.jpeg 768w, https:\/\/francishubin.com\/wp-content\/uploads\/2025\/08\/tasseCafe-1.jpeg 964w\" sizes=\"auto, (max-width: 771px) 100vw, 771px\" \/><\/figure>\n\n\n\n<p>\u00ab\u00a0EPI\u00a0\u00bb, carton entoil\u00e9, hauteur 18 cm sans cadre. <\/p>\n\n\n\n<figure class=\"wp-block-image size-large\"><img loading=\"lazy\" decoding=\"async\" width=\"1024\" height=\"766\" src=\"https:\/\/francishubin.com\/wp-content\/uploads\/2025\/08\/ble-1-1024x766.jpeg\" alt=\"\" class=\"wp-image-281\" srcset=\"https:\/\/francishubin.com\/wp-content\/uploads\/2025\/08\/ble-1-1024x766.jpeg 1024w, https:\/\/francishubin.com\/wp-content\/uploads\/2025\/08\/ble-1-300x225.jpeg 300w, https:\/\/francishubin.com\/wp-content\/uploads\/2025\/08\/ble-1-768x575.jpeg 768w, https:\/\/francishubin.com\/wp-content\/uploads\/2025\/08\/ble-1.jpeg 1280w\" sizes=\"auto, (max-width: 1024px) 100vw, 1024px\" \/><\/figure>\n\n\n\n<p>\u00ab\u00a0POMME ET POIRE\u00a0\u00bb Hauteur 23 cm<\/p>\n\n\n\n<figure class=\"wp-block-image size-large\"><img loading=\"lazy\" decoding=\"async\" width=\"1024\" height=\"722\" src=\"https:\/\/francishubin.com\/wp-content\/uploads\/2025\/08\/pommePoire-1-1024x722.jpeg\" alt=\"\" class=\"wp-image-288\" srcset=\"https:\/\/francishubin.com\/wp-content\/uploads\/2025\/08\/pommePoire-1-1024x722.jpeg 1024w, https:\/\/francishubin.com\/wp-content\/uploads\/2025\/08\/pommePoire-1-300x212.jpeg 300w, https:\/\/francishubin.com\/wp-content\/uploads\/2025\/08\/pommePoire-1-768x542.jpeg 768w, https:\/\/francishubin.com\/wp-content\/uploads\/2025\/08\/pommePoire-1.jpeg 1280w\" sizes=\"auto, (max-width: 1024px) 100vw, 1024px\" \/><\/figure>\n\n\n\n<p>\u00ab\u00a0POIRE VERTE\u00a0\u00bb Hauteur 23 cm<\/p>\n\n\n\n<figure class=\"wp-block-image size-large\"><img loading=\"lazy\" decoding=\"async\" width=\"1024\" height=\"718\" src=\"https:\/\/francishubin.com\/wp-content\/uploads\/2025\/08\/poire-1-1024x718.jpeg\" alt=\"\" class=\"wp-image-287\" srcset=\"https:\/\/francishubin.com\/wp-content\/uploads\/2025\/08\/poire-1-1024x718.jpeg 1024w, https:\/\/francishubin.com\/wp-content\/uploads\/2025\/08\/poire-1-300x210.jpeg 300w, https:\/\/francishubin.com\/wp-content\/uploads\/2025\/08\/poire-1-768x539.jpeg 768w, https:\/\/francishubin.com\/wp-content\/uploads\/2025\/08\/poire-1.jpeg 1280w\" sizes=\"auto, (max-width: 1024px) 100vw, 1024px\" \/><\/figure>\n\n\n\n<p>\u00ab\u00a0POMME\u00a0\u00bb, carton entoil\u00e9 23cm<\/p>\n\n\n\n<figure class=\"wp-block-image size-full\"><img loading=\"lazy\" decoding=\"async\" width=\"451\" height=\"606\" src=\"https:\/\/francishubin.com\/wp-content\/uploads\/2025\/08\/3.jpg\" alt=\"\" class=\"wp-image-310\" srcset=\"https:\/\/francishubin.com\/wp-content\/uploads\/2025\/08\/3.jpg 451w, https:\/\/francishubin.com\/wp-content\/uploads\/2025\/08\/3-223x300.jpg 223w\" sizes=\"auto, (max-width: 451px) 100vw, 451px\" \/><\/figure>\n\n\n\n<p><\/p>\n","protected":false},"excerpt":{"rendered":"<p>Peintures \u00e0 l&rsquo;huile La plupart des peintures \u00e0 l&rsquo;huile sont r\u00e9alis\u00e9es sur panneau MDF. Les cadres sont les plus sobres possibles, afin de surtout mettre en valeur la peinture. Toutes les peintures \u00e0 l&rsquo;huile sont prot\u00e9g\u00e9es par un vernis dammar. \u00c0 Harveng, champ d&rsquo;un cultivateur perspicace au coucher du soleil\u00a0 TRIPTIQUE FLEUR DE POMMIER \u00ab\u00a0L&rsquo;ANCIEN [&hellip;]<\/p>\n","protected":false},"author":1,"featured_media":0,"parent":0,"menu_order":0,"comment_status":"closed","ping_status":"closed","template":"","meta":{"footnotes":""},"class_list":["post-24","page","type-page","status-publish","hentry"],"_links":{"self":[{"href":"https:\/\/francishubin.com\/index.php\/wp-json\/wp\/v2\/pages\/24","targetHints":{"allow":["GET"]}}],"collection":[{"href":"https:\/\/francishubin.com\/index.php\/wp-json\/wp\/v2\/pages"}],"about":[{"href":"https:\/\/francishubin.com\/index.php\/wp-json\/wp\/v2\/types\/page"}],"author":[{"embeddable":true,"href":"https:\/\/francishubin.com\/index.php\/wp-json\/wp\/v2\/users\/1"}],"replies":[{"embeddable":true,"href":"https:\/\/francishubin.com\/index.php\/wp-json\/wp\/v2\/comments?post=24"}],"version-history":[{"count":17,"href":"https:\/\/francishubin.com\/index.php\/wp-json\/wp\/v2\/pages\/24\/revisions"}],"predecessor-version":[{"id":551,"href":"https:\/\/francishubin.com\/index.php\/wp-json\/wp\/v2\/pages\/24\/revisions\/551"}],"wp:attachment":[{"href":"https:\/\/francishubin.com\/index.php\/wp-json\/wp\/v2\/media?parent=24"}],"curies":[{"name":"wp","href":"https:\/\/api.w.org\/{rel}","templated":true}]}}