{"id":17,"date":"2024-10-15T17:54:31","date_gmt":"2024-10-15T15:54:31","guid":{"rendered":"https:\/\/francishubin.com\/?page_id=17"},"modified":"2025-08-23T18:26:46","modified_gmt":"2025-08-23T16:26:46","slug":"francis-hubin","status":"publish","type":"page","link":"https:\/\/francishubin.com\/","title":{"rendered":"Accueil"},"content":{"rendered":"\n<div class=\"wp-block-group alignfull is-style-default has-background\" style=\"background-color:#ffffff;padding-top:3rem\"><div class=\"wp-block-group__inner-container is-layout-constrained wp-container-core-group-is-layout-e2702920 wp-block-group-is-layout-constrained\">\n<div class=\"wp-block-group\"><div class=\"wp-block-group__inner-container is-layout-constrained wp-container-core-group-is-layout-93ec3920 wp-block-group-is-layout-constrained\">\n<h2 class=\"wp-block-heading alignwide has-text-align-center\" id=\"we-re-a-studio-in-berlin-with-an-international-practice-in-architecture-urban-planning-and-interior-design-we-believe-in-sharing-knowledge-and-promoting-dialogue-to-increase-the-creative-potential-of-collaboration\" style=\"font-size:48px;line-height:1.1\">Sculptures monumentales ou ornementales, peintures \u00e0 l&rsquo;huile, dessins.<\/h2>\n<\/div><\/div>\n<\/div><\/div>\n\n\n\n<p class=\"has-text-align-center\" style=\"border-width:4px;font-size:25px\">Francis Hubin fa\u00e7onne la mati\u00e8re, joue avec les croquis et les couleurs pour cr\u00e9er des \u0153uvres qui interpellent et touchent.<br>De la caricature \u00e0 la sculpture monumentale, son travail attire aussi bien les regards des amateurs que ceux des collectionneurs et des professionnels. <\/p>\n\n\n\n<p class=\"has-text-align-center\" style=\"font-size:21px\">Bonne visite sur notre site. Cliquez sur les rubriques en  haut de page ou les liens ci dessous.<\/p>\n\n\n\n<div class=\"wp-block-cover\"><img loading=\"lazy\" decoding=\"async\" width=\"1024\" height=\"461\" class=\"wp-block-cover__image-background wp-image-232\" alt=\"Sculpture T-rex en zinc\" src=\"http:\/\/francishubin.com\/wp-content\/uploads\/2024\/10\/454791681_1729852067773020_2905723854434551780_n-1-1024x461.jpg\" data-object-fit=\"cover\" srcset=\"https:\/\/francishubin.com\/wp-content\/uploads\/2024\/10\/454791681_1729852067773020_2905723854434551780_n-1-1024x461.jpg 1024w, https:\/\/francishubin.com\/wp-content\/uploads\/2024\/10\/454791681_1729852067773020_2905723854434551780_n-1-300x135.jpg 300w, https:\/\/francishubin.com\/wp-content\/uploads\/2024\/10\/454791681_1729852067773020_2905723854434551780_n-1-768x346.jpg 768w, https:\/\/francishubin.com\/wp-content\/uploads\/2024\/10\/454791681_1729852067773020_2905723854434551780_n-1-1536x692.jpg 1536w, https:\/\/francishubin.com\/wp-content\/uploads\/2024\/10\/454791681_1729852067773020_2905723854434551780_n-1.jpg 2048w\" sizes=\"auto, (max-width: 1024px) 100vw, 1024px\" \/><span aria-hidden=\"true\" class=\"wp-block-cover__background has-background-dim\"><\/span><div class=\"wp-block-cover__inner-container is-layout-flow wp-block-cover-is-layout-flow\">\n<p class=\"has-text-align-center has-blush-bordeaux-gradient-background has-text-color has-background has-link-color has-large-font-size wp-elements-1a56ce5c4ff4648d811d7966d51e19b7\" style=\"color:#ffffff\"><a href=\"https:\/\/francishubin.com\/index.php\/sculptures\/\" data-type=\"page\" data-id=\"22\">Sculptures<\/a><\/p>\n<\/div><\/div>\n\n\n\n<div class=\"wp-block-cover\"><img loading=\"lazy\" decoding=\"async\" width=\"1024\" height=\"680\" class=\"wp-block-cover__image-background wp-image-272\" alt=\"peinture huile\" src=\"http:\/\/francishubin.com\/wp-content\/uploads\/2025\/08\/eoliennes-1024x680.jpeg\" data-object-fit=\"cover\" srcset=\"https:\/\/francishubin.com\/wp-content\/uploads\/2025\/08\/eoliennes-1024x680.jpeg 1024w, https:\/\/francishubin.com\/wp-content\/uploads\/2025\/08\/eoliennes-300x199.jpeg 300w, https:\/\/francishubin.com\/wp-content\/uploads\/2025\/08\/eoliennes-768x510.jpeg 768w, https:\/\/francishubin.com\/wp-content\/uploads\/2025\/08\/eoliennes.jpeg 1280w\" sizes=\"auto, (max-width: 1024px) 100vw, 1024px\" \/><span aria-hidden=\"true\" class=\"wp-block-cover__background has-background-dim\"><\/span><div class=\"wp-block-cover__inner-container is-layout-flow wp-block-cover-is-layout-flow\">\n<p class=\"has-text-align-center has-blush-bordeaux-gradient-background has-text-color has-background has-link-color has-large-font-size wp-elements-fab7807d8a3a0777e8c5682b23250084\" style=\"color:#ffffff\"><a href=\"https:\/\/francishubin.com\/index.php\/peintures\/\" data-type=\"page\" data-id=\"24\">Peintures<\/a><\/p>\n<\/div><\/div>\n\n\n\n<div class=\"wp-block-cover\"><img loading=\"lazy\" decoding=\"async\" width=\"676\" height=\"578\" class=\"wp-block-cover__image-background wp-image-384\" alt=\"\" src=\"http:\/\/francishubin.com\/wp-content\/uploads\/2025\/08\/reneMagritte.jpg\" data-object-fit=\"cover\" srcset=\"https:\/\/francishubin.com\/wp-content\/uploads\/2025\/08\/reneMagritte.jpg 676w, https:\/\/francishubin.com\/wp-content\/uploads\/2025\/08\/reneMagritte-300x257.jpg 300w\" sizes=\"auto, (max-width: 676px) 100vw, 676px\" \/><span aria-hidden=\"true\" class=\"wp-block-cover__background has-background-dim\"><\/span><div class=\"wp-block-cover__inner-container is-layout-flow wp-block-cover-is-layout-flow\">\n<p class=\"has-text-align-center has-blush-bordeaux-gradient-background has-text-color has-background has-link-color has-large-font-size wp-elements-aee98e070981872e1a1478ec26653834\" style=\"color:#ffffff\"><a href=\"https:\/\/francishubin.com\/index.php\/dessins\/\" data-type=\"page\" data-id=\"26\">Dessins<\/a><\/p>\n<\/div><\/div>\n\n\n\n<div class=\"wp-block-cover aligncenter\"><img loading=\"lazy\" decoding=\"async\" width=\"454\" height=\"606\" class=\"wp-block-cover__image-background wp-image-346\" alt=\"\" src=\"http:\/\/francishubin.com\/wp-content\/uploads\/2025\/08\/1.jpg\" data-object-fit=\"cover\" srcset=\"https:\/\/francishubin.com\/wp-content\/uploads\/2025\/08\/1.jpg 454w, https:\/\/francishubin.com\/wp-content\/uploads\/2025\/08\/1-225x300.jpg 225w\" sizes=\"auto, (max-width: 454px) 100vw, 454px\" \/><span aria-hidden=\"true\" class=\"wp-block-cover__background has-background-dim\"><\/span><div class=\"wp-block-cover__inner-container is-layout-flow wp-block-cover-is-layout-flow\">\n<p class=\"has-text-align-center has-blush-bordeaux-gradient-background has-text-color has-background has-link-color has-large-font-size wp-elements-9069ccda83b7ba86f4d2f057fff1c48a\" style=\"color:#ffffff\"><a href=\"https:\/\/francishubin.com\/index.php\/contact\/\" data-type=\"page\" data-id=\"34\">Contact \/ proposer une exposition<\/a><\/p>\n<\/div><\/div>\n","protected":false},"excerpt":{"rendered":"<p>Sculptures monumentales ou ornementales, peintures \u00e0 l&rsquo;huile, dessins. Francis Hubin fa\u00e7onne la mati\u00e8re, joue avec les croquis et les couleurs pour cr\u00e9er des \u0153uvres qui interpellent et touchent.De la caricature \u00e0 la sculpture monumentale, son travail attire aussi bien les regards des amateurs que ceux des collectionneurs et des professionnels. Bonne visite sur notre site. [&hellip;]<\/p>\n","protected":false},"author":1,"featured_media":0,"parent":0,"menu_order":0,"comment_status":"closed","ping_status":"closed","template":"","meta":{"footnotes":""},"class_list":["post-17","page","type-page","status-publish","hentry"],"_links":{"self":[{"href":"https:\/\/francishubin.com\/index.php\/wp-json\/wp\/v2\/pages\/17","targetHints":{"allow":["GET"]}}],"collection":[{"href":"https:\/\/francishubin.com\/index.php\/wp-json\/wp\/v2\/pages"}],"about":[{"href":"https:\/\/francishubin.com\/index.php\/wp-json\/wp\/v2\/types\/page"}],"author":[{"embeddable":true,"href":"https:\/\/francishubin.com\/index.php\/wp-json\/wp\/v2\/users\/1"}],"replies":[{"embeddable":true,"href":"https:\/\/francishubin.com\/index.php\/wp-json\/wp\/v2\/comments?post=17"}],"version-history":[{"count":26,"href":"https:\/\/francishubin.com\/index.php\/wp-json\/wp\/v2\/pages\/17\/revisions"}],"predecessor-version":[{"id":537,"href":"https:\/\/francishubin.com\/index.php\/wp-json\/wp\/v2\/pages\/17\/revisions\/537"}],"wp:attachment":[{"href":"https:\/\/francishubin.com\/index.php\/wp-json\/wp\/v2\/media?parent=17"}],"curies":[{"name":"wp","href":"https:\/\/api.w.org\/{rel}","templated":true}]}}